{"id":75,"date":"2024-06-06T07:43:47","date_gmt":"2024-06-06T07:43:47","guid":{"rendered":"https:\/\/gsalcazaba400.org\/?page_id=75"},"modified":"2025-04-22T21:32:51","modified_gmt":"2025-04-22T21:32:51","slug":"gestion-economica-y-presupuestaria","status":"publish","type":"page","link":"https:\/\/gsalcazaba400.org\/index.php\/gestion-economica-y-presupuestaria\/","title":{"rendered":"Gesti\u00f3n Econ\u00f3mica y Presupuestaria"},"content":{"rendered":"\n<p class=\"has-text-align-center\"><\/p>\n\n\n\n<p><a href=\"https:\/\/gsalcazaba400.org\/index.php\/gestion-presupuestaria-y-economica\/\">Gesti\u00f3n Econ\u00f3mica y Presupuestaria. Informaci\u00f3n, gesti\u00f3n y proceso.<\/a><\/p>\n\n\n\n<p><a href=\"https:\/\/gsalcazaba400.org\/index.php\/gestion-presupuestaria-ronda-solar-2023-2024\/\">Ronda Solar 2023-2024<\/a><\/p>\n\n\n\n<p><a href=\"https:\/\/gsalcazaba400.org\/index.php\/gestion-presupuestaria-ronda-solar-2022-2023\/\">Ronda Solar 2022-2023<\/a><\/p>\n\n\n\n<p><\/p>\n","protected":false},"excerpt":{"rendered":"<p>Gesti\u00f3n Econ\u00f3mica y Presupuestaria. Informaci\u00f3n, gesti\u00f3n y proceso. Ronda Solar 2023-2024 Ronda Solar 2022-2023<\/p>\n","protected":false},"author":1,"featured_media":0,"parent":0,"menu_order":0,"comment_status":"closed","ping_status":"closed","template":"","meta":{"footnotes":""},"class_list":["post-75","page","type-page","status-publish","hentry"],"_links":{"self":[{"href":"https:\/\/gsalcazaba400.org\/index.php\/wp-json\/wp\/v2\/pages\/75","targetHints":{"allow":["GET"]}}],"collection":[{"href":"https:\/\/gsalcazaba400.org\/index.php\/wp-json\/wp\/v2\/pages"}],"about":[{"href":"https:\/\/gsalcazaba400.org\/index.php\/wp-json\/wp\/v2\/types\/page"}],"author":[{"embeddable":true,"href":"https:\/\/gsalcazaba400.org\/index.php\/wp-json\/wp\/v2\/users\/1"}],"replies":[{"embeddable":true,"href":"https:\/\/gsalcazaba400.org\/index.php\/wp-json\/wp\/v2\/comments?post=75"}],"version-history":[{"count":5,"href":"https:\/\/gsalcazaba400.org\/index.php\/wp-json\/wp\/v2\/pages\/75\/revisions"}],"predecessor-version":[{"id":239,"href":"https:\/\/gsalcazaba400.org\/index.php\/wp-json\/wp\/v2\/pages\/75\/revisions\/239"}],"wp:attachment":[{"href":"https:\/\/gsalcazaba400.org\/index.php\/wp-json\/wp\/v2\/media?parent=75"}],"curies":[{"name":"wp","href":"https:\/\/api.w.org\/{rel}","templated":true}]}}