{"id":394,"date":"2026-05-16T18:04:03","date_gmt":"2026-05-16T18:04:03","guid":{"rendered":"https:\/\/gsalcazaba400.org\/?page_id=394"},"modified":"2026-05-16T18:08:18","modified_gmt":"2026-05-16T18:08:18","slug":"campamento-de-verano-2026","status":"publish","type":"page","link":"https:\/\/gsalcazaba400.org\/index.php\/campamento-de-verano-2026\/","title":{"rendered":"Campamento de Verano 2026. Veg\u00e1polis del Codorno"},"content":{"rendered":"\n<p><strong>LUGAR: <\/strong><\/p>\n\n\n\n<p>La Vega del Codorno es un peque\u00f1o pueblo de la provincia de Cuenca ubicado en plena Serran\u00eda de Cuenca, muy pr\u00f3ximo al conocido Nacimiento del R\u00edo Cuervo.<\/p>\n\n\n\n<p>El pueblo se encuentra en una situaci\u00f3n estrat\u00e9gica entre los&nbsp;<strong>Parques Naturales de la Serran\u00eda de Cuenca y del Alto Tajo<\/strong>. En sus or\u00edgenes, el pueblo estaba formado por una serie de peque\u00f1os caser\u00edos separados, al estilo de las parroquias gallegas o de los cortijos sure\u00f1os.<\/p>\n\n\n\n<p><a href=\"https:\/\/maps.app.goo.gl\/2P5zNfvmPgixGVp3A\">https:\/\/maps.app.goo.gl\/2P5zNfvmPgixGVp3A<\/a><\/p>\n\n\n\n<p><strong>CAMPAMENTO:<\/strong><strong><\/strong><\/p>\n\n\n\n<figure class=\"wp-block-image size-large\"><img loading=\"lazy\" decoding=\"async\" width=\"1024\" height=\"453\" src=\"https:\/\/gsalcazaba400.org\/wp-content\/uploads\/2025\/07\/KUGAR1-1024x453.png\" alt=\"\" class=\"wp-image-274\" srcset=\"https:\/\/gsalcazaba400.org\/wp-content\/uploads\/2025\/07\/KUGAR1-1024x453.png 1024w, https:\/\/gsalcazaba400.org\/wp-content\/uploads\/2025\/07\/KUGAR1-300x133.png 300w, https:\/\/gsalcazaba400.org\/wp-content\/uploads\/2025\/07\/KUGAR1-768x339.png 768w, https:\/\/gsalcazaba400.org\/wp-content\/uploads\/2025\/07\/KUGAR1.png 1215w\" sizes=\"auto, (max-width: 1024px) 100vw, 1024px\" \/><\/figure>\n\n\n\n<p><a href=\"https:\/\/maps.app.goo.gl\/EygTXqA6CjTndzAb7\">https:\/\/maps.app.goo.gl\/EygTXqA6CjTndz<\/a><\/p>\n\n\n\n<p class=\"has-text-align-center\"><strong>\u00a1\u00a1\u00a1IMPORTANTE!!!<\/strong><\/p>\n\n\n\n<p class=\"has-text-align-center\"><a href=\"https:\/\/gsalcazaba400.org\/index.php\/normas-generales-de-las-actividades-de-educativas\/\">NORMAS GENERALES DE LAS ACTIVIDADES DE EDUCATIVAS<\/a><\/p>\n\n\n\n<p class=\"has-text-align-center\"><strong>COMUNICACIONES CON LAS FAMILIAS<\/strong><\/p>\n\n\n\n<p>04\/05\/2026<\/p>\n\n\n\n<p>\u00a1Buenas familias!<br>Tenemos algo que anunciaros \ud83d\udc40, y es que\u2026 \u00a1Ya tenemos la tem\u00e1tica del campamento de verano! \u2600\ufe0f<\/p>\n\n\n\n<p>Este a\u00f1o vamos a transportarnos desde Cuenca hasta\u2026 La antigua Grecia \ud83c\uddec\ud83c\uddf7.<br>Zeus, H\u00e9rcules, el Olimpo, la filosof\u00eda\u2026 Todo lo posible y mucho m\u00e1s \ud83e\udd29.<\/p>\n\n\n\n<p>Como es costumbre en nuestro grupo, habr\u00e1n camisetas tematizadas pero\u2026 Necesitamos el dise\u00f1o de ella y queremos que salga del grupo \ud83e\udef5\ud83c\udffb.<br>Por ello, lanzamos una convocatoria abierta a la participaci\u00f3n de toda persona miembro del Grupo Scout Alcazaba 400 para que nos envi\u00e9is los dise\u00f1os que os gustar\u00edan poder fardar en vuestras camisetas.<\/p>\n\n\n\n<p>El dise\u00f1o debe ser:<\/p>\n\n\n\n<ul class=\"wp-block-list\">\n<li>Por delante, una flor de lis tematizada de la antigua Grecia. \u269c\ufe0f<\/li>\n\n\n\n<li>Por detr\u00e1s, un dise\u00f1o m\u00e1s grande de la antigua Grecia relacionada con el escultismo. \ud83e\udea2<\/li>\n<\/ul>\n\n\n\n<p>Todo el que quiera participar, puede enviarnos su dise\u00f1o al correo info@gsalcazaba400.org.<br>La fecha l\u00edmite para la entrega es el 27 de mayo.<\/p>\n\n\n\n<p>Animamos a todos a participar y conseguir que su dise\u00f1o sea lo que nos represente este verano. \ud83d\udc9a\ud83d\udc9c<\/p>\n\n\n\n<figure class=\"wp-block-image size-large\"><img loading=\"lazy\" decoding=\"async\" width=\"1024\" height=\"576\" src=\"https:\/\/gsalcazaba400.org\/wp-content\/uploads\/2026\/05\/WhatsApp-Image-2026-05-04-at-21.56.26-1024x576.jpeg\" alt=\"\" class=\"wp-image-395\" srcset=\"https:\/\/gsalcazaba400.org\/wp-content\/uploads\/2026\/05\/WhatsApp-Image-2026-05-04-at-21.56.26-1024x576.jpeg 1024w, https:\/\/gsalcazaba400.org\/wp-content\/uploads\/2026\/05\/WhatsApp-Image-2026-05-04-at-21.56.26-300x169.jpeg 300w, https:\/\/gsalcazaba400.org\/wp-content\/uploads\/2026\/05\/WhatsApp-Image-2026-05-04-at-21.56.26-768x432.jpeg 768w, https:\/\/gsalcazaba400.org\/wp-content\/uploads\/2026\/05\/WhatsApp-Image-2026-05-04-at-21.56.26.jpeg 1280w\" sizes=\"auto, (max-width: 1024px) 100vw, 1024px\" \/><\/figure>\n\n\n\n<p>03\/04\/2026<\/p>\n\n\n\n<p>Buenas tardes familias \ud83d\udc9c\ud83d\udc9a:<\/p>\n\n\n\n<p>Os pasamos la informaci\u00f3n del campamento de verano hablada en la pasada reuni\u00f3n del s\u00e1bado. Ten\u00e9is un peque\u00f1o dossier con las instalaciones, el sitio, fechas y precio.<\/p>\n\n\n\n<p>Este a\u00f1o nuestro campamento ser\u00e1 nuevamente en Cuenca!!!, en el paraje \u00abEl Sabinar\u00bb, en el pueblo de La vega del Codorno, situado en la serran\u00eda de Cuenca.<\/p>\n\n\n\n<p>Fecha : del 18 al 29 de julio. ( saldr\u00edamos el 18 temprano y llegar\u00edamos el 29 por la noche a M\u00e1laga).<\/p>\n\n\n\n<p>A diferencia de otros a\u00f1os, hemos puesto m\u00e1s fechas de pagos, adjuntando un PDF con los precios con descuentos para 2\u00ba y 3er hijo\/a y fechas topes de pagos.<\/p>\n\n\n\n<p>Poniendo en el concepto nombre y apellidos de vuestros hijos o hija + campamento de verano.<\/p>\n\n\n\n<p>Conforme avancemos en fechas iremos dando m\u00e1s informaci\u00f3n relevante, como d\u00edas claves, la realizaci\u00f3n o no de d\u00eda de familias, que llevar, recordatorio de papeles, etc\u2026<\/p>\n\n\n\n<p>Estamos todo el consejo de grupo inmersos en la preparaci\u00f3n del campamento, muy ilusionados por tener un campamento de 10!!<\/p>\n\n\n\n<p>Que teng\u00e1is una fant\u00e1stica semana!! \ud83d\udfe2\ud83d\udfe3<\/p>\n\n\n\n<p>V\u00edctor Ruperto<br>Lobo Honesto \ud83d\udc3a<br>Coordinador de grupo<\/p>\n\n\n\n<p class=\"has-text-align-center\"><strong>CRONOGRAMA DE LA ACTIVIDAD<\/strong><\/p>\n\n\n\n<figure class=\"wp-block-image alignwide size-large\"><img loading=\"lazy\" decoding=\"async\" width=\"1024\" height=\"498\" src=\"https:\/\/gsalcazaba400.org\/wp-content\/uploads\/2026\/05\/Captura-de-pantalla-2026-05-16-200707-1024x498.jpg\" alt=\"\" class=\"wp-image-402\" srcset=\"https:\/\/gsalcazaba400.org\/wp-content\/uploads\/2026\/05\/Captura-de-pantalla-2026-05-16-200707-1024x498.jpg 1024w, https:\/\/gsalcazaba400.org\/wp-content\/uploads\/2026\/05\/Captura-de-pantalla-2026-05-16-200707-300x146.jpg 300w, https:\/\/gsalcazaba400.org\/wp-content\/uploads\/2026\/05\/Captura-de-pantalla-2026-05-16-200707-768x373.jpg 768w, https:\/\/gsalcazaba400.org\/wp-content\/uploads\/2026\/05\/Captura-de-pantalla-2026-05-16-200707.jpg 1471w\" sizes=\"auto, (max-width: 1024px) 100vw, 1024px\" \/><\/figure>\n\n\n\n<p class=\"has-text-align-center\" id=\"block-6225ddd6-6e3f-43c0-a2a9-a36dbcd7728f\"><strong>ERVICIOS SANITARIOS.<\/strong><\/p>\n\n\n\n<p id=\"block-4ed3ec18-1c17-41ab-8471-c0dcfb52013a\"><strong>CENTRO DE SALUD DE VEGA DEL CODORNO<\/strong><\/p>\n\n\n\n<p><a href=\"https:\/\/sanidad.castillalamancha.es\/ciudadanos\/centros\/vega-del-codorno#zoom=17&amp;lat=40.43214&amp;lon=-1.92782&amp;layers=BT\">https:\/\/sanidad.castillalamancha.es\/ciudadanos\/centros\/vega-del-codorno#zoom=17&amp;lat=40.43214&amp;lon=-1.92782&amp;layers=BT<\/a><\/p>\n\n\n\n<figure class=\"wp-block-image\" id=\"block-c0015ae6-e1eb-4a4d-bf4d-f38c01591853\"><img decoding=\"async\" src=\"https:\/\/gsalcazaba400.org\/wp-content\/uploads\/2025\/07\/SANI1-1024x568.png\" alt=\"La imagen tiene un atributo ALT vac\u00edo; su nombre de archivo es SANI1-1024x568.png\"\/><\/figure>\n\n\n\n<p id=\"block-aa472898-512b-4e4c-80ed-49b615da2cdd\"><strong>CENTRO DE SALUD TRAGACETE. 24 HORAS<\/strong><\/p>\n\n\n\n<p><a href=\"https:\/\/sanidad.castillalamancha.es\/ciudadanos\/centros\/tragacete#zoom=15&amp;lat=40.3496&amp;lon=-1.85073&amp;layers=BT\">https:\/\/sanidad.castillalamancha.es\/ciudadanos\/centros\/tragacete#zoom=15&amp;lat=40.3496&amp;lon=-1.85073&amp;layers=BT<\/a><\/p>\n\n\n\n<figure class=\"wp-block-image\" id=\"block-40e3b46b-e477-407e-8a8d-8e58817aa046\"><img decoding=\"async\" src=\"https:\/\/gsalcazaba400.org\/wp-content\/uploads\/2025\/07\/SANI2-1024x716.png\" alt=\"La imagen tiene un atributo ALT vac\u00edo; su nombre de archivo es SANI2-1024x716.png\"\/><\/figure>\n\n\n\n<p id=\"block-9b7c9be1-1e09-4685-831d-c45371046b89\"><strong>HOSPITAL VIRGEN DE LA LUZ<\/strong><\/p>\n\n\n\n<p><a href=\"https:\/\/sanidad.castillalamancha.es\/ciudadanos\/centros\/hospital-virgen-de-la-luz-cuenca#zoom=15&amp;lat=40.0755&amp;lon=-2.14908&amp;layers=BT\">https:\/\/sanidad.castillalamancha.es\/ciudadanos\/centros\/hospital-virgen-de-la-luz-cuenca#zoom=15&amp;lat=40.0755&amp;lon=-2.14908&amp;layers=BT<\/a><\/p>\n\n\n\n<figure class=\"wp-block-image\" id=\"block-5a1ba995-17a6-4f36-9026-2fa7cddde853\"><img decoding=\"async\" src=\"https:\/\/gsalcazaba400.org\/wp-content\/uploads\/2025\/07\/SANI3-1024x775.png\" alt=\"La imagen tiene un atributo ALT vac\u00edo; su nombre de archivo es SANI3-1024x775.png\"\/><\/figure>\n\n\n\n<p id=\"block-56753622-1948-48f1-8b1c-519c3e153655\"><\/p>\n","protected":false},"excerpt":{"rendered":"<p>LUGAR: La Vega del Codorno es un peque\u00f1o pueblo de la provincia de Cuenca ubicado en plena Serran\u00eda de Cuenca, muy pr\u00f3ximo al conocido Nacimiento del R\u00edo Cuervo. El pueblo se encuentra en una situaci\u00f3n estrat\u00e9gica entre los&nbsp;Parques Naturales de la Serran\u00eda de Cuenca y del Alto Tajo. En sus or\u00edgenes, el pueblo estaba formado [&hellip;]<\/p>\n","protected":false},"author":1,"featured_media":397,"parent":0,"menu_order":0,"comment_status":"closed","ping_status":"closed","template":"","meta":{"footnotes":""},"class_list":["post-394","page","type-page","status-publish","has-post-thumbnail","hentry"],"_links":{"self":[{"href":"https:\/\/gsalcazaba400.org\/index.php\/wp-json\/wp\/v2\/pages\/394","targetHints":{"allow":["GET"]}}],"collection":[{"href":"https:\/\/gsalcazaba400.org\/index.php\/wp-json\/wp\/v2\/pages"}],"about":[{"href":"https:\/\/gsalcazaba400.org\/index.php\/wp-json\/wp\/v2\/types\/page"}],"author":[{"embeddable":true,"href":"https:\/\/gsalcazaba400.org\/index.php\/wp-json\/wp\/v2\/users\/1"}],"replies":[{"embeddable":true,"href":"https:\/\/gsalcazaba400.org\/index.php\/wp-json\/wp\/v2\/comments?post=394"}],"version-history":[{"count":4,"href":"https:\/\/gsalcazaba400.org\/index.php\/wp-json\/wp\/v2\/pages\/394\/revisions"}],"predecessor-version":[{"id":404,"href":"https:\/\/gsalcazaba400.org\/index.php\/wp-json\/wp\/v2\/pages\/394\/revisions\/404"}],"wp:featuredmedia":[{"embeddable":true,"href":"https:\/\/gsalcazaba400.org\/index.php\/wp-json\/wp\/v2\/media\/397"}],"wp:attachment":[{"href":"https:\/\/gsalcazaba400.org\/index.php\/wp-json\/wp\/v2\/media?parent=394"}],"curies":[{"name":"wp","href":"https:\/\/api.w.org\/{rel}","templated":true}]}}