{"id":373,"date":"2025-11-30T11:53:25","date_gmt":"2025-11-30T11:53:25","guid":{"rendered":"https:\/\/gsalcazaba400.org\/?page_id=373"},"modified":"2025-11-30T11:53:25","modified_gmt":"2025-11-30T11:53:25","slug":"campamento-de-invierno-2025","status":"publish","type":"page","link":"https:\/\/gsalcazaba400.org\/index.php\/campamento-de-invierno-2025\/","title":{"rendered":"Campamento de Invierno 2025"},"content":{"rendered":"\n<p><strong>LOCALIZACI\u00d3N Y DATOS DE CELEBRACI\u00d3N DEL CAMPAMENTO<\/strong><\/p>\n\n\n\n<p><strong>LUGAR:<\/strong><\/p>\n\n\n\n<p>Provincia: M\u00e1laga<\/p>\n\n\n\n<p>Municipio: Coin.<\/p>\n\n\n\n<p>Lugar: Granja-Escuela Hacienda La Albuquer\u00eda.<\/p>\n\n\n\n<p><a href=\"https:\/\/www.granjaescuela-haciendaalbuqueria.es\/\">https:\/\/www.granjaescuela-haciendaalbuqueria.es\/<\/a><\/p>\n\n\n\n<p><strong>MENSAJE DE INFORMACI\u00d3N<\/strong> (30\/11\/2025):<\/p>\n\n\n\n<p>Lugar: granja escuela la Albuqueria, Coin.<\/p>\n\n\n\n<ul class=\"wp-block-list\">\n<li>Fecha: 26-27-28-29\/12\/2025<\/li>\n\n\n\n<li>Precio: 90\u20ac (descuento 2\u00ba y 3er hijo\/a adjunto)<\/li>\n\n\n\n<li>Forma de pago: transferencia bancaria a la cuenta de grupo ES3121032030470030027140,<br>concepto: APELLIDO Y NOMBRE de su hijo o hija.<br>-fecha tope de pago: 15 de diciembre.<\/li>\n\n\n\n<li>Hora de salida: el viernes 26 a las 9:00 en la avenida pintor Manuel Barbadillo (junto al parque de monopat\u00edn)<\/li>\n\n\n\n<li>Hora de recogida : el lunes 29 sobre las 16:30, en el mismo sitio de salida.<\/li>\n\n\n\n<li>Comida: solo llevar la media ma\u00f1ana del primer d\u00eda, el resto lo pone el grupo.<\/li>\n\n\n\n<li>Si se lleva medicaci\u00f3n, se deber\u00e1 dar al scouter de secci\u00f3n, no lo pueden llevar en la mochila (debe estar registrada en la ficha m\u00e9dica o con prescripci\u00f3n m\u00e9dica).<\/li>\n\n\n\n<li>Las cosas que tendr\u00e1n que llevar (ropa, mochila,\u2026) os lo pasar\u00e1 cada secci\u00f3n.<\/li>\n\n\n\n<li>El domingo 28 tendremos d\u00eda de familias, en el cual est\u00e1is invitadas todas las familias del grupo a asistir al campamento, ver la ceremonia de promesas por la ma\u00f1ana y acompa\u00f1arnos en un delicioso almuerzo que prepararemos en el propio campamento. All\u00ed, todos juntos, celebraremos una gran fiesta navide\u00f1a con decoraci\u00f3n, m\u00fasica y dem\u00e1s! os iremos dando m\u00e1s informaci\u00f3n seg\u00fan se acerque la fecha.<\/li>\n<\/ul>\n\n\n\n<p>Todo el consejo estamos trabajando duro para que salga un campamento de ensue\u00f1o y con la ilusi\u00f3n de nuevas y fascinantes aventuras.\ud83d\udc9c\ud83d\udc9a<\/p>\n\n\n\n<p>V\u00edctor Ruperto<br>Lobo honesto \ud83d\udc3a<br>Coordinador de grupo<\/p>\n\n\n\n<div data-wp-interactive=\"core\/file\" class=\"wp-block-file alignfull\"><object data-wp-bind--hidden=\"!state.hasPdfPreview\" hidden class=\"wp-block-file__embed\" data=\"https:\/\/gsalcazaba400.org\/wp-content\/uploads\/2025\/11\/2025.11.30_GSA_CI25_INFORMACION-PREVIA_v.1.pdf\" type=\"application\/pdf\" style=\"width:100%;height:600px\" aria-label=\"Incrustado de 2025.11.30_GSA_CI25_INFORMACI\u00d3N PREVIA_v.1.\"><\/object><a id=\"wp-block-file--media-38a44b53-bf50-4f3f-b010-87a7ea609911\" href=\"https:\/\/gsalcazaba400.org\/wp-content\/uploads\/2025\/11\/2025.11.30_GSA_CI25_INFORMACION-PREVIA_v.1.pdf\">2025.11.30_GSA_CI25_INFORMACI\u00d3N PREVIA_v.1<\/a><a href=\"https:\/\/gsalcazaba400.org\/wp-content\/uploads\/2025\/11\/2025.11.30_GSA_CI25_INFORMACION-PREVIA_v.1.pdf\" class=\"wp-block-file__button wp-element-button\" download aria-describedby=\"wp-block-file--media-38a44b53-bf50-4f3f-b010-87a7ea609911\">Descarga<\/a><\/div>\n\n\n\n<p><strong>CRONOGRAMA GENERAL DE ACTIVIDADES DEL CAMPAMENTO DE INVIERNO (*) \u00a0<\/strong><\/p>\n\n\n\n<p>PENDIENTE<\/p>\n\n\n\n<p><strong>\u00bfQU\u00c9 LLEVAR AL CAMPAMENTO DE INVIERNO?<\/strong><\/p>\n\n\n\n<p>PENDIENTE<\/p>\n\n\n\n<p><strong>GESTI\u00d3N DE ALERGIAS E INTOLERACIAS EN LOS MEN\u00daS.<\/strong><\/p>\n\n\n\n<p>1.- Conciencia y formaci\u00f3n. El equipo de cocina y apoyo est\u00e9 plenamente capacitado en cuanto a las alergias alimentarias. El Grupo Scout comprende la importancia de las alergias y conocer los s\u00edntomas de una reacci\u00f3n al\u00e9rgica y estar informados sobre los ingredientes de los platos del men\u00fa.<\/p>\n\n\n\n<p>2.- Comunicaci\u00f3n con las familias. Las familias han debido de informar si las y los participantes tienen alguna alergia o intolerancia alimentaria.<\/p>\n\n\n\n<p>3.- Registro de alergias. El Grupo Scout dispone de un sistema interno de registro detallado de las alergias y las necesidades diet\u00e9ticas especiales de las y los participantes.<\/p>\n\n\n\n<p>4.- Men\u00fa claro y detallado: El Grupo Scout dispone de un men\u00fa claro y detallado, donde se asegura que la descripci\u00f3n de cada plato sea precisa y se mencione cualquier ingrediente com\u00fan que pueda causar alergias.<\/p>\n\n\n\n<p>5.- Preparaci\u00f3n separada: Cuando sea posible, el Grupo Scout prepara los platos de las y los participantes con alergias en \u00e1reas separadas de la cocina de campamento para evitar la contaminaci\u00f3n cruzada. Utiliza utensilios y equipos de cocina limpios y se asegura de que el equipo de cocina siga los protocolos adecuados para evitar la mezcla de ingredientes alerg\u00e9nicos.<\/p>\n\n\n\n<p>6.- Etiquetado adecuado: Etiqueta claramente los recipientes de almacenamiento de ingredientes y condimentos para evitar confusiones. Esto ayudar\u00e1 a prevenir errores al preparar los platos y garantizar\u00e1 que se eviten los al\u00e9rgenos espec\u00edficos.<\/p>\n\n\n\n<p>7.- Flexibilidad en las opciones del men\u00fa: Ofrece opciones flexibles en el men\u00fa que se adapten a diferentes necesidades diet\u00e9ticas, incluyendo opciones sin gluten, sin l\u00e1cteos, vegetarianas o veganas. Esto permitir\u00e1 a los clientes con alergias tener varias opciones para elegir.<\/p>\n\n\n\n<p>8.- Revisi\u00f3n y mejora continua: El equipo de cocina regularmente revisa y actualiza sus pr\u00e1cticas y pol\u00edticas de gesti\u00f3n de men\u00fas y diet\u00e9tica.<\/p>\n\n\n\n<p><\/p>\n\n\n\n<p><strong>NORMAS DEL CAMPAMENTO DE VERANO<\/strong><\/p>\n\n\n\n<p>\u2013 La autorizaci\u00f3n&nbsp;de participaci\u00f3n en las actividades educativas del grupo scout, ficha m\u00e9dica, declaraciones responsables, documento identificativo del tutor o tutora legal que firma la documentaci\u00f3n del\/la menor (DNI\/NIE) y documentaci\u00f3n de la Seguridad Social (o seguro m\u00e9dico: MUFACE\u2026), debi\u00f3 de ser entregada&nbsp;en el momento de alta del participante. El hecho de no tener entregada toda la documentaci\u00f3n requerida, supone la imposibilidad de participar en la actividad educativa. En el caso de que se tenga dudas contactar con la coordinaci\u00f3n de la secci\u00f3n educativa del educando.<\/p>\n\n\n\n<p>\u2013 Las educandas y los educandos deben llevar la ropa y todos sus objetos personales marcados para evitar p\u00e9rdidas y confusiones respecto a su pertenencia. Esto es una necesidad para los educandos y las educandas de las secciones de Castores y Manada. Para las secciones educativas de la Tropa Scout, Unidad y Clan es una recomendaci\u00f3n. Son muchas las cosas que compramos en los mismos sitios y de las mismas marcas y el grupo no puede hacerse responsable de las p\u00e9rdidas. La ropa que deben llevarse debe ser la apropiada para las&nbsp;actividades&nbsp;educativas&nbsp;y el lugar en las que las desarrollamos. Cada secci\u00f3n educativa informar\u00e1 en funci\u00f3n de las necesidades de la secci\u00f3n y la edad del educando&nbsp;o la educanda.<\/p>\n\n\n\n<p>\u2013 Salvo la comida que se indique que deben llevar&nbsp;para la actividad educativa, no deben llevar m\u00e1s comida&nbsp;o&nbsp;chucher\u00edas para la actividad educativa.<\/p>\n\n\n\n<p>\u2013 No es necesario que los educandos y las educandas lleven dinero&nbsp;en las actividades educativas. Si en alg\u00fan momento se hace alg\u00fan gasto ser\u00e1 dentro del presupuesto de&nbsp;la&nbsp;actividad educativa.<\/p>\n\n\n\n<p>\u2013 Por motivos de seguridad,&nbsp;los y las participantes no pueden llevar NINGUNA medicaci\u00f3n en su mochila. Si toman alg\u00fan medicamento ha de estar se\u00f1alado en la ficha m\u00e9dica, y la medicaci\u00f3n con el tratamiento se debe de entregar a sus scouters. Las actividades educativas cuentan con un botiqu\u00edn y en caso necesario se acudir\u00e1 al centro de salud u hospital de referencia del lugar de desarrollo de la actividad, y ser\u00e9is debidamente informados..<\/p>\n\n\n\n<p>\u2013 No es necesario llevar m\u00f3vil. Si alguno a alguna lo lleva debe saber que en&nbsp;las actividades educativas est\u00e1 prohibido el uso de m\u00f3viles, salvo que alguna actividad as\u00ed lo precise.&nbsp;El grupo scout no se hace responsable de su p\u00e9rdida o de los posibles da\u00f1os&nbsp;producidos durante la actividad. En las actividades educativas no se puede cargar la bater\u00eda, y&nbsp;en ning\u00fan caso se podr\u00e1n ni efectuar ni recibir llamadas en horario de las actividades. Ante cualquier duda o cuesti\u00f3n podr\u00e9is contactar con la coordinaci\u00f3n de la secci\u00f3n educativa o la persona designada para ello en la actividad.<\/p>\n\n\n\n<p>\u2013 Para algunas actividades educativas el Grupo Scout crear\u00e1 un grupo de comunicaci\u00f3n e informaci\u00f3n general del desarrollo de&nbsp;la actividad, en el que habr\u00e1 un padre o una madre de cada secci\u00f3n y esta ser\u00e1 la v\u00eda oficial de comunicaci\u00f3n. A trav\u00e9s de este grupo se dar\u00e1 informaci\u00f3n de&nbsp;la evoluci\u00f3n de la actividad. La informaci\u00f3n de la actividad educativa depender\u00e1 de la cobertura, el tiempo&nbsp;y otras circunstancias que nos permitan&nbsp;la comunicaci\u00f3n.<\/p>\n\n\n\n<p>En el resto de las actividades educativas la v\u00eda de comunicaci\u00f3n es la coordinaci\u00f3n de la secci\u00f3n educativa u otra scouter responsable de la actividad.<\/p>\n\n\n\n<p>En caso de accidente, enfermedad o por cualquier otro motivo que as\u00ed lo requiera, nos pondremos inmediatamente en contacto con las personas designadas por las familias del afectado\/a.<\/p>\n\n\n\n<p>&nbsp;Recordar que nuestra funci\u00f3n es atender a los educandos y las educandas y que SIEMPRE:&nbsp;<strong>AUSENCIA DE NOTICIAS SON BUENAS NOTICIAS<\/strong>.<\/p>\n","protected":false},"excerpt":{"rendered":"<p>LOCALIZACI\u00d3N Y DATOS DE CELEBRACI\u00d3N DEL CAMPAMENTO LUGAR: Provincia: M\u00e1laga Municipio: Coin. Lugar: Granja-Escuela Hacienda La Albuquer\u00eda. https:\/\/www.granjaescuela-haciendaalbuqueria.es\/ MENSAJE DE INFORMACI\u00d3N (30\/11\/2025): Lugar: granja escuela la Albuqueria, Coin. Todo el consejo estamos trabajando duro para que salga un campamento de ensue\u00f1o y con la ilusi\u00f3n de nuevas y fascinantes aventuras.\ud83d\udc9c\ud83d\udc9a V\u00edctor RupertoLobo honesto \ud83d\udc3aCoordinador de [&hellip;]<\/p>\n","protected":false},"author":1,"featured_media":0,"parent":0,"menu_order":0,"comment_status":"closed","ping_status":"closed","template":"","meta":{"footnotes":""},"class_list":["post-373","page","type-page","status-publish","hentry"],"_links":{"self":[{"href":"https:\/\/gsalcazaba400.org\/index.php\/wp-json\/wp\/v2\/pages\/373","targetHints":{"allow":["GET"]}}],"collection":[{"href":"https:\/\/gsalcazaba400.org\/index.php\/wp-json\/wp\/v2\/pages"}],"about":[{"href":"https:\/\/gsalcazaba400.org\/index.php\/wp-json\/wp\/v2\/types\/page"}],"author":[{"embeddable":true,"href":"https:\/\/gsalcazaba400.org\/index.php\/wp-json\/wp\/v2\/users\/1"}],"replies":[{"embeddable":true,"href":"https:\/\/gsalcazaba400.org\/index.php\/wp-json\/wp\/v2\/comments?post=373"}],"version-history":[{"count":1,"href":"https:\/\/gsalcazaba400.org\/index.php\/wp-json\/wp\/v2\/pages\/373\/revisions"}],"predecessor-version":[{"id":376,"href":"https:\/\/gsalcazaba400.org\/index.php\/wp-json\/wp\/v2\/pages\/373\/revisions\/376"}],"wp:attachment":[{"href":"https:\/\/gsalcazaba400.org\/index.php\/wp-json\/wp\/v2\/media?parent=373"}],"curies":[{"name":"wp","href":"https:\/\/api.w.org\/{rel}","templated":true}]}}