{"id":366,"date":"2025-11-12T18:49:07","date_gmt":"2025-11-12T18:49:07","guid":{"rendered":"https:\/\/gsalcazaba400.org\/?page_id=366"},"modified":"2025-11-12T18:49:07","modified_gmt":"2025-11-12T18:49:07","slug":"protocolo-de-participacion-de-los-as-educandos-as-en-nuestras-actividades-educativas","status":"publish","type":"page","link":"https:\/\/gsalcazaba400.org\/index.php\/protocolo-de-participacion-de-los-as-educandos-as-en-nuestras-actividades-educativas\/","title":{"rendered":"PROTOCOLO DE PARTICIPACI\u00d3N DE LOS\/AS EDUCANDOS\/AS EN NUESTRAS ACTIVIDADES EDUCATIVAS."},"content":{"rendered":"\n<p>El Consejo de Grupo ve necesario establecer un protocolo de participaci\u00f3n de los educandos y las educandas atendiendo a las necesidades personales de cada individuo y los recursos humanos disponibles por parte del Grupo Scout.<br>Para establecer este tipo protocolo de manera efectiva, es fundamental considerar los siguientes puntos:<\/p>\n\n\n\n<ol class=\"wp-block-list\">\n<li><strong>Objetivos Claros y Comunicaci\u00f3n<\/strong>: Es crucial definir claramente cu\u00e1les son los objetivos de participaci\u00f3n del educando\/a en las actividades. Esto debe comunicarse de manera transparente a todos\/as los\/as participantes y a sus respectivas familias para asegurar un entendimiento y compromiso com\u00fan.<\/li>\n\n\n\n<li><strong>Inclusi\u00f3n y Diversidad<\/strong>: Se debe asegurar que todos los educandos y educandas se sientan incluidos\/as y valorados\/as en el proceso. Esto implica respetar y celebrar la diversidad de opiniones, experiencias y habilidades dentro del grupo.<\/li>\n\n\n\n<li><strong>Espacios Seguros<\/strong>: Se ha de crear un ambiente seguro donde los\/as participantes se sientan c\u00f3modos\/as para expresar sus ideas y opiniones libremente, sin temor a cr\u00edticas o juicios negativos.<\/li>\n\n\n\n<li><strong>Feedback Constructivo<\/strong>: Hay que establecer mecanismos claros con el objetivo de obtener un feedback (una retroalimentaci\u00f3n) por parte de las familias sobre las actividades educativas.<\/li>\n\n\n\n<li><strong>Flexibilidad y Adaptabilidad<\/strong>: Se tiene que ser flexible cuando se trata de las necesidades y preferencias de los\/as educandos\/as. Lo que puede significar ajustar el formato de las actividades, los horarios o m\u00e9todos de participaci\u00f3n seg\u00fan sea necesario.<\/li>\n\n\n\n<li><strong>Responsabilidad Compartida<\/strong>: Es clave fomentar un sentido de responsabilidad compartida entre el Consejo de Grupo y las familias. Lo cual incluiye roles claros, canales de comunicaci\u00f3n formales y expectativas mutuamente acordadas.<\/li>\n\n\n\n<li><strong>Evaluar y Mejorar Continuamente<\/strong>: Se realizar\u00e1n evaluaciones peri\u00f3dicas anuales del protocolo de participaci\u00f3n para identificar \u00e1reas de mejora y ajustar el enfoque seg\u00fan sea necesario.<\/li>\n<\/ol>\n\n\n\n<p>Los objetivos de este protocolo son:<br>.- Organizar de forma eficiente y adecuada las actividades educativas del Grupo Scout conforme a sus recursos humanos.<br>.- Evaluar al educando y a la educanda para que pueda participar en nuestras actividades de una forma adecuada y adaptada a sus necesidades y caracter\u00edsticas personales.<br>.- Garantizar una conveniente y sostenible planificaci\u00f3n de nuestras actividades educativas.<br>Como paso previo a la planificaci\u00f3n de la Ronda Solar y, atendiendo al n\u00famero de usuarios y usuarias de cada secci\u00f3n, el Consejo de Grupo decidir\u00e1 una ratio de Scouter por secci\u00f3n.<br>Una vez realizado este estudio y decidido el ratio, los diferentes equipos de las secciones evaluar\u00e1n de forma personal a los\/as educandos\/as y, atendiendo a sus caracter\u00edsticas y necesidades personales, posicionar\u00e1n a cada uno en cualquiera de los siguientes escalones\/niveles de participaci\u00f3n en nuestras actividades.<\/p>\n\n\n\n<figure class=\"wp-block-image size-full\"><img loading=\"lazy\" decoding=\"async\" width=\"988\" height=\"548\" src=\"https:\/\/gsalcazaba400.org\/wp-content\/uploads\/2025\/11\/Captura-de-pantalla-2025-11-12-194322.jpg\" alt=\"\" class=\"wp-image-367\" srcset=\"https:\/\/gsalcazaba400.org\/wp-content\/uploads\/2025\/11\/Captura-de-pantalla-2025-11-12-194322.jpg 988w, https:\/\/gsalcazaba400.org\/wp-content\/uploads\/2025\/11\/Captura-de-pantalla-2025-11-12-194322-300x166.jpg 300w, https:\/\/gsalcazaba400.org\/wp-content\/uploads\/2025\/11\/Captura-de-pantalla-2025-11-12-194322-768x426.jpg 768w\" sizes=\"auto, (max-width: 988px) 100vw, 988px\" \/><\/figure>\n\n\n\n<p><\/p>\n\n\n\n<p><\/p>\n\n\n\n<ol class=\"wp-block-list\"><\/ol>\n","protected":false},"excerpt":{"rendered":"<p>El Consejo de Grupo ve necesario establecer un protocolo de participaci\u00f3n de los educandos y las educandas atendiendo a las necesidades personales de cada individuo y los recursos humanos disponibles por parte del Grupo Scout.Para establecer este tipo protocolo de manera efectiva, es fundamental considerar los siguientes puntos: Los objetivos de este protocolo son:.- Organizar [&hellip;]<\/p>\n","protected":false},"author":1,"featured_media":0,"parent":0,"menu_order":0,"comment_status":"closed","ping_status":"closed","template":"","meta":{"footnotes":""},"class_list":["post-366","page","type-page","status-publish","hentry"],"_links":{"self":[{"href":"https:\/\/gsalcazaba400.org\/index.php\/wp-json\/wp\/v2\/pages\/366","targetHints":{"allow":["GET"]}}],"collection":[{"href":"https:\/\/gsalcazaba400.org\/index.php\/wp-json\/wp\/v2\/pages"}],"about":[{"href":"https:\/\/gsalcazaba400.org\/index.php\/wp-json\/wp\/v2\/types\/page"}],"author":[{"embeddable":true,"href":"https:\/\/gsalcazaba400.org\/index.php\/wp-json\/wp\/v2\/users\/1"}],"replies":[{"embeddable":true,"href":"https:\/\/gsalcazaba400.org\/index.php\/wp-json\/wp\/v2\/comments?post=366"}],"version-history":[{"count":1,"href":"https:\/\/gsalcazaba400.org\/index.php\/wp-json\/wp\/v2\/pages\/366\/revisions"}],"predecessor-version":[{"id":368,"href":"https:\/\/gsalcazaba400.org\/index.php\/wp-json\/wp\/v2\/pages\/366\/revisions\/368"}],"wp:attachment":[{"href":"https:\/\/gsalcazaba400.org\/index.php\/wp-json\/wp\/v2\/media?parent=366"}],"curies":[{"name":"wp","href":"https:\/\/api.w.org\/{rel}","templated":true}]}}