{"id":240,"date":"2025-04-23T19:47:23","date_gmt":"2025-04-23T19:47:23","guid":{"rendered":"https:\/\/gsalcazaba400.org\/?page_id=240"},"modified":"2025-04-23T19:47:23","modified_gmt":"2025-04-23T19:47:23","slug":"aviso-legal","status":"publish","type":"page","link":"https:\/\/gsalcazaba400.org\/index.php\/aviso-legal\/","title":{"rendered":"AVISO LEGAL"},"content":{"rendered":"\n<p>Le agradecemos que hayas decidido visitarnos. Queremos que su experiencia en nuestra Web sea lo mejor posible.<\/p>\n\n\n\n<p>Para acceder a nuestros servicios, declara que&nbsp;<strong>es mayor de edad<\/strong>&nbsp;y que tiene la capacidad legal suficiente para usar nuestros servicios, de acuerdo con su ley nacional. El acceso y la navegaci\u00f3n en el sitio web, o el uso de los servicios del mismo, implican la aceptaci\u00f3n expresa e \u00edntegra de todas y cada una de las presentes Condiciones Generales, incluidas tanto las Condiciones Particulares fijadas para ciertas promociones, as\u00ed como de las Pol\u00edticas de Privacidad y de las Cookies, relacionadas con la normativa vigente en la materia de Protecci\u00f3n de Datos Personales. Por favor, le recomendamos que las lea con atenci\u00f3n para saber qu\u00e9 tipo de datos se recogen a trav\u00e9s de nuestra Web, con qu\u00e9 finalidades y qu\u00e9 derechos relacionados con ello le conciernen.<\/p>\n\n\n\n<p><strong>1. Informaci\u00f3n Legal<\/strong><\/p>\n\n\n\n<p>En cumplimiento de la Ley 34\/2002, de 11 de julio, de Servicios de la Sociedad de la Informaci\u00f3n y del Comercio Electr\u00f3nico, los datos identificativos del titular del Portal Web son:<\/p>\n\n\n\n<p>Responsable: GRUPO SCOUT ALCAZABA 400<\/p>\n\n\n\n<p>Direcci\u00f3n: Calle NUZAS, n\u00famero 14, Local 8. 29010. M\u00e1laga.<\/p>\n\n\n\n<p>CIF: G-93519189<\/p>\n\n\n\n<p>Inscrita en el Registro de Asociaciones de Andaluc\u00eda con el n\u00ba 12613 de la secci\u00f3n 1. NIF G-93519189<\/p>\n\n\n\n<p>Perteneciente a ASDE-Scouts de Andaluc\u00eda. Declarada de utilidad p\u00fablica 6-3-1997 \u2013C.I.F. &nbsp;G-14057244. Inscrita en la Consejer\u00eda de Cultura \u2013 Junta de Andaluc\u00eda, con el n.\u00ba 15<\/p>\n\n\n\n<p>Inscrita en la Consejer\u00eda de Gobernaci\u00f3n \u2013 Junta de Andaluc\u00eda, con el n.\u00ba 4014 de la Secci\u00f3n 1.\u00aa Y miembro de la federaci\u00f3n de Scouts de Espa\u00f1a (ASDE)<\/p>\n\n\n\n<p><strong>2. Condiciones Generales de Uso<\/strong><\/p>\n\n\n\n<p>Las siguientes Condiciones Generales regulan el uso y acceso al portal Web, cuya finalidad es establecer pautas de buen uso y comportamiento de la misma. GRUPO SCOUT ALCAZABA 400, pone a disposici\u00f3n de los usuarios informaci\u00f3n sobre el uso, los servicios y los contenidos que se alojan en la Web. A trav\u00e9s \u00e9sta, el Usuario tiene acceso a informaci\u00f3n sobre productos y servicios espec\u00edficos, herramientas y aplicaciones.<\/p>\n\n\n\n<p>Los datos e informaciones sobre productos o servicios, precios y caracter\u00edsticas u otros datos relevantes ofrecidos a trav\u00e9s de la p\u00e1gina web son realizados, proporcionados y actualizados por Proveedores y terceras empresas. GRUPO SCOUT ALCAZABA 400 no es, en ning\u00fan caso, responsable de dichos datos e informaciones ni asume ninguna obligaci\u00f3n sobre los mismos.<\/p>\n\n\n\n<p>El\/a Usuario\/a se compromete a hacer un uso adecuado de los contenidos, servicios, aplicaciones y herramientas que est\u00e1n accesibles, con sujeci\u00f3n a la Ley y a las presentes Condiciones Generales de Uso y, en su caso a las Condiciones Particulares que puedan establecerse para el acceso a determinados servicios y aplicaciones, respetando en todo momento a los dem\u00e1s Usuarios de la misma.<\/p>\n\n\n\n<p>En caso de incumplimiento total y\/o parcial por el Usuario de las presentes condiciones Generales de Uso, GRUPO SCOUT ALCAZABA 400 se reserva el derecho de denegar el acceso a la Web, sin necesidad de previo aviso al Usuario.<\/p>\n\n\n\n<p><strong>3. Obligaciones Generales del Usuario<\/strong><\/p>\n\n\n\n<p>El Usuario, al aceptar las presentes condiciones Generales de Uso, se obliga expresamente a:<\/p>\n\n\n\n<p>No realizar ninguna acci\u00f3n destinada perjudicar, bloquear, da\u00f1ar, inutilizar, sobrecargar, de forma temporal o definitiva, las funcionalidades, herramientas, contenidos y\/o la infraestructura de la p\u00e1gina web, de manera que impida su normal utilizaci\u00f3n.<\/p>\n\n\n\n<p>Custodiar y mantener la confidencialidad de las claves de acceso asociadas a su nombre de Usuario, siendo responsable de la utilizaci\u00f3n de dichas claves de acceso personales e intransferibles por parte de terceros.<\/p>\n\n\n\n<p>No introducir ni realizar contenidos injuriosos o calumniosos, tanto de otros Usuarios como de terceras empresas ajenas a GRUPO SCOUT ALCAZABA 400<\/p>\n\n\n\n<p>No utilizar cualquiera de los materiales e informaciones contenidos en este Sitio Web con fines il\u00edcitos y\/o expresamente prohibidos en las presentes Condiciones Generales de Uso, as\u00ed como a las condiciones particulares que, en su caso, se establezcan para determinadas aplicaciones y\/o utilidades y que resulten contrarios a los derechos e intereses de GRUPO SCOUT ALCAZABA 400, sus usuarios\/as y\/o terceros.<\/p>\n\n\n\n<p>No ofertar ni distribuir productos y servicios, ni realizar publicidad o comunicaciones comerciales no solicitadas a otros Usuarios y visitantes de\u00a0 GRUPO SCOUT ALCAZABA 400. El\/a Usuario\/a responder\u00e1 de los todos los da\u00f1os y perjuicios de toda naturaleza que\u00a0 GRUPO SCOUT ALCAZABA 400 o cualquier tercero pueda sufrir como consecuencia del incumplimiento de cualesquiera de las obligaciones a las que queda sometido por virtud de estas \u201cCondiciones Generales de Uso\u201d o de la ley en relaci\u00f3n con el acceso y\/o utilizaci\u00f3n de la p\u00e1gina.<\/p>\n\n\n\n<p><strong>4. Propiedad Intelectual e Industrial<\/strong><\/p>\n\n\n\n<p>El sitio web, las p\u00e1ginas que comprende y la informaci\u00f3n o elementos contenidos en las mismas (incluyendo textos, documentos, fotograf\u00edas, dibujos, representaciones gr\u00e1ficas, de los que es titular o de los que sean titulares terceros que autorizan al propietario a su utilizaci\u00f3n, entre otros), as\u00ed como logotipos, marcas, nombres comerciales u otros signos distintivos, se encuentran protegidos por derechos de propiedad intelectual y\/o industrial, de los que FGRUPO SCOUT ALCAZABA 400 es titular o ostenta autorizaci\u00f3n para su utilizaci\u00f3n y comunicaci\u00f3n p\u00fablica de los leg\u00edtimos titulares de las mismas.<\/p>\n\n\n\n<p>El Usuario se obliga a usar los contenidos de forma diligente y correcta, de acuerdo a la ley, la moral y el orden p\u00fablico. GRUPO SCOUT ALCAZABA 400 autoriza al Usuario\/a para visualizar la informaci\u00f3n que se contiene en este sitio web, as\u00ed como para efectuar reproducciones privadas (simple actividad de descarga y almacenamiento en sus sistemas inform\u00e1ticos), siempre y cuando los elementos sean destinados \u00fanicamente al uso personal. En ning\u00fan caso, ello significar\u00e1 una autorizaci\u00f3n o licencia sobre los derechos de propiedad de FGRUPO SCOUT ALCAZABA 400 o de los leg\u00edtimos titulares de las mismas.<\/p>\n\n\n\n<p>El\/a Usuario\/a no est\u00e1 autorizado para proceder a la distribuci\u00f3n, modificaci\u00f3n, cesi\u00f3n o comunicaci\u00f3n p\u00fablica de la informaci\u00f3n contenida en esta Web en cualquier forma y cualquiera que sea su finalidad.<\/p>\n\n\n\n<p><strong>5. Enlaces<\/strong><\/p>\n\n\n\n<p>Las conexiones y enlaces a sitios o p\u00e1ginas Web de terceros se han establecido \u00fanicamente como una utilidad para el\/a Usuario\/a. GRUPO SCOUT ALCAZABA 400 no es, en ning\u00fan caso, responsable de las mismas o de su contenido.<\/p>\n\n\n\n<p>GRUPO SCOUT ALCAZABA 400 no asume ninguna responsabilidad derivada de la existencia de enlaces entre los contenidos de este sitio y contenidos situados fuera del mismo o de cualquier otra menci\u00f3n de contenidos externos a este sitio. Tales enlaces o menciones tienen una finalidad exclusivamente informativa y, en ning\u00fan caso, implican el apoyo, aprobaci\u00f3n, comercializaci\u00f3n o relaci\u00f3n alguna entre GRUPO SCOUT ALCAZABA 400 y las personas o entidades autoras y\/o gestoras de tales contenidos o titulares de los sitios donde se encuentren.<\/p>\n\n\n\n<p>Para realizar enlaces con la p\u00e1gina Web ser\u00e1 necesaria la autorizaci\u00f3n expresa y por escrito de los titulares del portal.<\/p>\n\n\n\n<p><strong>6.Responsabilidad<\/strong><\/p>\n\n\n\n<p>GRUPO SCOUT ALCAZABA 400 no garantiza el acceso continuado, ni la correcta visualizaci\u00f3n, descarga o utilidad de los elementos e informaci\u00f3n contenidos en las p\u00e1ginas del portal que pueden verse impedidos, dificultados o interrumpidos por factores o circunstancias fuera de su control o ajenas a su voluntad, ni de aquellos que sean producidos por la existencia de virus inform\u00e1ticos en Internet.<\/p>\n\n\n\n<p>GRUPO SCOUT ALCAZABA 400 no asume responsabilidad alguna por da\u00f1os, perjuicios, p\u00e9rdidas, reclamaciones o gastos, producidos por:<\/p>\n\n\n\n<p>Interferencias, interrupciones, fallos, omisiones, retrasos, bloqueos o desconexiones, motivadas por errores en las l\u00edneas y redes de telecomunicaciones o por cualquier otra causa ajena al control de GRUPO SCOUT ALCAZABA 400.<\/p>\n\n\n\n<p>Intromisiones ileg\u00edtimas mediante el uso de programas malignos de cualquier tipo y a trav\u00e9s de cualquier medio de comunicaci\u00f3n, tales como virus inform\u00e1ticos o cualesquiera otros;<\/p>\n\n\n\n<p>Uso indebido o inadecuado de la p\u00e1gina web de GRUPO SCOUT ALCAZABA 400<\/p>\n\n\n\n<p>Errores de seguridad o navegaci\u00f3n producidos por un mal funcionamiento del navegador o por el uso de versiones no actualizadas.<\/p>\n\n\n\n<p>GRUPO SCOUT ALCAZABA 400 no es responsable ni en ning\u00fan caso responder\u00e1 frente a los usuarios y a terceros sobre actos de cualquier tercero ajeno a GRUPO SCOUT ALCAZABA 400 que conlleve o pueda suponer la realizaci\u00f3n de actos de competencia desleal y publicidad il\u00edcita o la infracci\u00f3n de los derechos de propiedad intelectual e industrial, de los secretos empresariales, de compromisos contractuales de cualquier clase, de los derechos al honor, a la intimidad personal y familiar y a la imagen, de los derechos de propiedad y de toda otra naturaleza pertenecientes a un tercero por raz\u00f3n de la transmisi\u00f3n, difusi\u00f3n, almacenamiento, puesta a disposici\u00f3n, recepci\u00f3n, obtenci\u00f3n o acceso a los contenidos.<\/p>\n\n\n\n<p><strong>7. Protecci\u00f3n de Datos de Car\u00e1cter Personal<\/strong><\/p>\n\n\n\n<p>Toda la pol\u00edtica de tratamiento de datos personales la encontrar\u00e1s en la Pol\u00edtica de Privacidad, que forma parte integrante de estas Condiciones Generales pero que, por simplicidad, hemos puesto en un documento aparte, Pol\u00edtica de Privacidad.<\/p>\n\n\n\n<p><strong>8. Legislaci\u00f3n<\/strong><\/p>\n\n\n\n<p>El presente aviso legal se encuentra redactado en castellano y sometido a la legislaci\u00f3n espa\u00f1ola vigente. En caso de disputa o controversia relacionada con la aplicaci\u00f3n o interpretaci\u00f3n de las cl\u00e1usulas contenidas en el aviso legal, las Partes se someter\u00e1n a los Juzgados y Tribunales que resulten territorialmente competentes seg\u00fan la legislaci\u00f3n vigente. Si alguna de las cl\u00e1usulas descritas en el aviso legal fuese declarada nula o sin efecto, continuar\u00e1n siendo de aplicaci\u00f3n las restantes, sin que deban quedar afectadas por la declaraci\u00f3n de nulidad.<\/p>\n","protected":false},"excerpt":{"rendered":"<p>Le agradecemos que hayas decidido visitarnos. Queremos que su experiencia en nuestra Web sea lo mejor posible. Para acceder a nuestros servicios, declara que&nbsp;es mayor de edad&nbsp;y que tiene la capacidad legal suficiente para usar nuestros servicios, de acuerdo con su ley nacional. El acceso y la navegaci\u00f3n en el sitio web, o el uso [&hellip;]<\/p>\n","protected":false},"author":1,"featured_media":0,"parent":0,"menu_order":0,"comment_status":"closed","ping_status":"closed","template":"","meta":{"footnotes":""},"class_list":["post-240","page","type-page","status-publish","hentry"],"_links":{"self":[{"href":"https:\/\/gsalcazaba400.org\/index.php\/wp-json\/wp\/v2\/pages\/240","targetHints":{"allow":["GET"]}}],"collection":[{"href":"https:\/\/gsalcazaba400.org\/index.php\/wp-json\/wp\/v2\/pages"}],"about":[{"href":"https:\/\/gsalcazaba400.org\/index.php\/wp-json\/wp\/v2\/types\/page"}],"author":[{"embeddable":true,"href":"https:\/\/gsalcazaba400.org\/index.php\/wp-json\/wp\/v2\/users\/1"}],"replies":[{"embeddable":true,"href":"https:\/\/gsalcazaba400.org\/index.php\/wp-json\/wp\/v2\/comments?post=240"}],"version-history":[{"count":1,"href":"https:\/\/gsalcazaba400.org\/index.php\/wp-json\/wp\/v2\/pages\/240\/revisions"}],"predecessor-version":[{"id":241,"href":"https:\/\/gsalcazaba400.org\/index.php\/wp-json\/wp\/v2\/pages\/240\/revisions\/241"}],"wp:attachment":[{"href":"https:\/\/gsalcazaba400.org\/index.php\/wp-json\/wp\/v2\/media?parent=240"}],"curies":[{"name":"wp","href":"https:\/\/api.w.org\/{rel}","templated":true}]}}