{"id":117,"date":"2024-08-26T17:35:51","date_gmt":"2024-08-26T17:35:51","guid":{"rendered":"https:\/\/gsalcazaba400.org\/?page_id=117"},"modified":"2025-09-28T09:13:04","modified_gmt":"2025-09-28T09:13:04","slug":"secciones-educativas","status":"publish","type":"page","link":"https:\/\/gsalcazaba400.org\/index.php\/secciones-educativas\/","title":{"rendered":"Secciones educativas"},"content":{"rendered":"\n<p><a href=\"https:\/\/gsalcazaba400.org\/index.php\/scouters-de-seccion-y-equipos-de-gestion\/\">Scouters de Secci\u00f3n y Equipos de Gesti\u00f3n por Rondas Solares<\/a><\/p>\n\n\n\n<figure class=\"wp-block-image size-large\"><img loading=\"lazy\" decoding=\"async\" width=\"1024\" height=\"576\" src=\"https:\/\/gsalcazaba400.org\/wp-content\/uploads\/2025\/09\/RS25.26_1_COLONIA_LOGO-2-1024x576.jpg\" alt=\"\" class=\"wp-image-349\" srcset=\"https:\/\/gsalcazaba400.org\/wp-content\/uploads\/2025\/09\/RS25.26_1_COLONIA_LOGO-2-1024x576.jpg 1024w, https:\/\/gsalcazaba400.org\/wp-content\/uploads\/2025\/09\/RS25.26_1_COLONIA_LOGO-2-300x169.jpg 300w, https:\/\/gsalcazaba400.org\/wp-content\/uploads\/2025\/09\/RS25.26_1_COLONIA_LOGO-2-768x432.jpg 768w, https:\/\/gsalcazaba400.org\/wp-content\/uploads\/2025\/09\/RS25.26_1_COLONIA_LOGO-2-1536x864.jpg 1536w, https:\/\/gsalcazaba400.org\/wp-content\/uploads\/2025\/09\/RS25.26_1_COLONIA_LOGO-2.jpg 1600w\" sizes=\"auto, (max-width: 1024px) 100vw, 1024px\" \/><\/figure>\n\n\n\n<p><a href=\"https:\/\/scout.es\/castores\/\">COLONIA ED\u00c9N (de 6 a 7 a\u00f1os)<\/a><\/p>\n\n\n\n<figure class=\"wp-block-image size-full\"><img loading=\"lazy\" decoding=\"async\" width=\"1920\" height=\"1080\" src=\"https:\/\/gsalcazaba400.org\/wp-content\/uploads\/2025\/09\/RS25.26_2_MANADA_LOGO-1.jpg\" alt=\"\" class=\"wp-image-352\" srcset=\"https:\/\/gsalcazaba400.org\/wp-content\/uploads\/2025\/09\/RS25.26_2_MANADA_LOGO-1.jpg 1920w, https:\/\/gsalcazaba400.org\/wp-content\/uploads\/2025\/09\/RS25.26_2_MANADA_LOGO-1-300x169.jpg 300w, https:\/\/gsalcazaba400.org\/wp-content\/uploads\/2025\/09\/RS25.26_2_MANADA_LOGO-1-1024x576.jpg 1024w, https:\/\/gsalcazaba400.org\/wp-content\/uploads\/2025\/09\/RS25.26_2_MANADA_LOGO-1-768x432.jpg 768w, https:\/\/gsalcazaba400.org\/wp-content\/uploads\/2025\/09\/RS25.26_2_MANADA_LOGO-1-1536x864.jpg 1536w\" sizes=\"auto, (max-width: 1920px) 100vw, 1920px\" \/><\/figure>\n\n\n\n<p class=\"has-text-align-left\">MANADA LEVI (de 8 a 11 a\u00f1os)<\/p>\n\n\n\n<figure class=\"wp-block-image size-large\"><img loading=\"lazy\" decoding=\"async\" width=\"1024\" height=\"576\" src=\"https:\/\/gsalcazaba400.org\/wp-content\/uploads\/2025\/09\/RS25.26_3_SEC.SCOUT_LOGO-1-1024x576.jpg\" alt=\"\" class=\"wp-image-353\" srcset=\"https:\/\/gsalcazaba400.org\/wp-content\/uploads\/2025\/09\/RS25.26_3_SEC.SCOUT_LOGO-1-1024x576.jpg 1024w, https:\/\/gsalcazaba400.org\/wp-content\/uploads\/2025\/09\/RS25.26_3_SEC.SCOUT_LOGO-1-300x169.jpg 300w, https:\/\/gsalcazaba400.org\/wp-content\/uploads\/2025\/09\/RS25.26_3_SEC.SCOUT_LOGO-1-768x432.jpg 768w, https:\/\/gsalcazaba400.org\/wp-content\/uploads\/2025\/09\/RS25.26_3_SEC.SCOUT_LOGO-1-1536x864.jpg 1536w, https:\/\/gsalcazaba400.org\/wp-content\/uploads\/2025\/09\/RS25.26_3_SEC.SCOUT_LOGO-1.jpg 1920w\" sizes=\"auto, (max-width: 1024px) 100vw, 1024px\" \/><\/figure>\n\n\n\n<p class=\"has-text-align-left\">SECCI\u00d3N SCOUT &#8211; HALC\u00d3N BLANCO (de 12 a 14 a\u00f1os)<\/p>\n\n\n\n<figure class=\"wp-block-image size-full\"><img loading=\"lazy\" decoding=\"async\" width=\"1920\" height=\"1080\" src=\"https:\/\/gsalcazaba400.org\/wp-content\/uploads\/2025\/09\/RS25.26_4_UNIDAD_LOGO-1.jpg\" alt=\"\" class=\"wp-image-354\" srcset=\"https:\/\/gsalcazaba400.org\/wp-content\/uploads\/2025\/09\/RS25.26_4_UNIDAD_LOGO-1.jpg 1920w, https:\/\/gsalcazaba400.org\/wp-content\/uploads\/2025\/09\/RS25.26_4_UNIDAD_LOGO-1-300x169.jpg 300w, https:\/\/gsalcazaba400.org\/wp-content\/uploads\/2025\/09\/RS25.26_4_UNIDAD_LOGO-1-1024x576.jpg 1024w, https:\/\/gsalcazaba400.org\/wp-content\/uploads\/2025\/09\/RS25.26_4_UNIDAD_LOGO-1-768x432.jpg 768w, https:\/\/gsalcazaba400.org\/wp-content\/uploads\/2025\/09\/RS25.26_4_UNIDAD_LOGO-1-1536x864.jpg 1536w\" sizes=\"auto, (max-width: 1920px) 100vw, 1920px\" \/><\/figure>\n\n\n\n<p class=\"has-text-align-left\">UNIDAD ESCULTA TUC\u00c1N (de 15 a 17 a\u00f1os)<\/p>\n\n\n\n<figure class=\"wp-block-image size-full\"><img loading=\"lazy\" decoding=\"async\" width=\"1920\" height=\"1080\" src=\"https:\/\/gsalcazaba400.org\/wp-content\/uploads\/2025\/09\/RS25.26_5_CLAN_logo-1.jpg\" alt=\"\" class=\"wp-image-355\" srcset=\"https:\/\/gsalcazaba400.org\/wp-content\/uploads\/2025\/09\/RS25.26_5_CLAN_logo-1.jpg 1920w, https:\/\/gsalcazaba400.org\/wp-content\/uploads\/2025\/09\/RS25.26_5_CLAN_logo-1-300x169.jpg 300w, https:\/\/gsalcazaba400.org\/wp-content\/uploads\/2025\/09\/RS25.26_5_CLAN_logo-1-1024x576.jpg 1024w, https:\/\/gsalcazaba400.org\/wp-content\/uploads\/2025\/09\/RS25.26_5_CLAN_logo-1-768x432.jpg 768w, https:\/\/gsalcazaba400.org\/wp-content\/uploads\/2025\/09\/RS25.26_5_CLAN_logo-1-1536x864.jpg 1536w\" sizes=\"auto, (max-width: 1920px) 100vw, 1920px\" \/><\/figure>\n\n\n\n<p class=\"has-text-align-left\">CLAN ROVER BISONTE BLANCO (de 17 a 21 a\u00f1os)<\/p>\n","protected":false},"excerpt":{"rendered":"<p>Scouters de Secci\u00f3n y Equipos de Gesti\u00f3n por Rondas Solares COLONIA ED\u00c9N (de 6 a 7 a\u00f1os) MANADA LEVI (de 8 a 11 a\u00f1os) SECCI\u00d3N SCOUT &#8211; HALC\u00d3N BLANCO (de 12 a 14 a\u00f1os) UNIDAD ESCULTA TUC\u00c1N (de 15 a 17 a\u00f1os) CLAN ROVER BISONTE BLANCO (de 17 a 21 a\u00f1os)<\/p>\n","protected":false},"author":1,"featured_media":0,"parent":0,"menu_order":0,"comment_status":"closed","ping_status":"closed","template":"","meta":{"footnotes":""},"class_list":["post-117","page","type-page","status-publish","hentry"],"_links":{"self":[{"href":"https:\/\/gsalcazaba400.org\/index.php\/wp-json\/wp\/v2\/pages\/117","targetHints":{"allow":["GET"]}}],"collection":[{"href":"https:\/\/gsalcazaba400.org\/index.php\/wp-json\/wp\/v2\/pages"}],"about":[{"href":"https:\/\/gsalcazaba400.org\/index.php\/wp-json\/wp\/v2\/types\/page"}],"author":[{"embeddable":true,"href":"https:\/\/gsalcazaba400.org\/index.php\/wp-json\/wp\/v2\/users\/1"}],"replies":[{"embeddable":true,"href":"https:\/\/gsalcazaba400.org\/index.php\/wp-json\/wp\/v2\/comments?post=117"}],"version-history":[{"count":4,"href":"https:\/\/gsalcazaba400.org\/index.php\/wp-json\/wp\/v2\/pages\/117\/revisions"}],"predecessor-version":[{"id":356,"href":"https:\/\/gsalcazaba400.org\/index.php\/wp-json\/wp\/v2\/pages\/117\/revisions\/356"}],"wp:attachment":[{"href":"https:\/\/gsalcazaba400.org\/index.php\/wp-json\/wp\/v2\/media?parent=117"}],"curies":[{"name":"wp","href":"https:\/\/api.w.org\/{rel}","templated":true}]}}